{"id":1128,"date":"2020-03-22T16:34:00","date_gmt":"2020-03-22T15:34:00","guid":{"rendered":"https:\/\/jacquesmarion.fr\/?page_id=1128"},"modified":"2020-03-22T17:54:01","modified_gmt":"2020-03-22T16:54:01","slug":"gouverner-2","status":"publish","type":"page","link":"https:\/\/jacquesmarion.fr\/index.php\/gouverner-2\/","title":{"rendered":"Gouverner"},"content":{"rendered":"\n<div class=\"wp-block-image\"><figure class=\"aligncenter is-resized\"><img decoding=\"async\" loading=\"lazy\" src=\"http:\/\/jacquesmarion.fr\/wp-content\/uploads\/2016\/09\/photo-2.jpe\" alt=\"\" width=\"437\" height=\"353\"\/><\/figure><\/div>\n\n\n\n<p>Gouverner sans parti politique semble impossible, mais ma pr\u00e9sidence ne s\u2019inscrirera pas dans la logique politique habituelle. Cela sera une pr\u00e9sidence pour \u00ab&nbsp;r\u00e9inventer la France&nbsp;\u00bb.<\/p>\n\n\n\n<p>Le quinquennat (2017-2022) s\u2019organisera autour de 4 grands d\u00e9bats nationaux qui seront ponctu\u00e9s par 4 r\u00e9f\u00e9rendums. Au terme de ce processus syst\u00e9mique, la France sera compl\u00e8tement transform\u00e9e.<\/p>\n\n\n\n<h2 class=\"has-vivid-purple-color has-text-color has-text-align-center wp-block-heading\"><strong>Les quatre d\u00e9bats nationaux<\/strong><\/h2>\n\n\n\n<ul><li><strong>2018&nbsp;:<\/strong>&nbsp;Les institutions \/ territoires \/ budgets \/ imp\u00f4ts \/ Organisation politique (repr\u00e9sentativit\u00e9, r\u00f4le, droits et devoirs des \u00e9lus\u2026) \/ Justice&nbsp;\/ services publiques \/ La dette<\/li><li><strong>2019&nbsp;:<\/strong>&nbsp;Economie \/ Agriculture \/ Environnement \/ Le nouveau contrat social (s\u00e9curit\u00e9 sociale, retraite, ch\u00f4mage\u2026)<\/li><li><strong>2020&nbsp;:<\/strong>&nbsp;Education, formation continue, insertion<\/li><li><strong>2021&nbsp;:<\/strong>&nbsp;Vie des fran\u00e7ais et des territoires (citoyennet\u00e9, sports, culture\u2026)<\/li><\/ul>\n\n\n\n<h2 class=\"has-vivid-purple-color has-text-color has-text-align-center wp-block-heading\"><strong>Le 1<sup>er<\/sup>&nbsp;Gouvernement juin 2017 \u2013 juin 2018 sera d\u2019\u00e9lan national<\/strong><\/h2>\n\n\n\n<p>&nbsp;<strong><em>Le 1<sup>er<\/sup>&nbsp;ministre<\/em><\/strong><\/p>\n\n\n\n<p>&nbsp;Il sera issu de la soci\u00e9t\u00e9 civile, sans appartenance politique, mais avec la connaissance des institutions.<\/p>\n\n\n\n<ul><li><strong><em>Les minist\u00e8res seront au nombre de 10<\/em><\/strong>.<\/li><\/ul>\n\n\n\n<p>D\u00e9fense&nbsp;\/ Affaires \u00e9trang\u00e8res \/ Justice&nbsp;\/ Finances, budget, \u00e9conomie \/ Int\u00e9rieur, &nbsp;&nbsp; territoires \/ Education, formation \/ Travail, protection sociale, sant\u00e9 \/ Agriculture, mer, &nbsp;ruralit\u00e9, environnement \/ Vie sociale jeunesse sport, culture insertion, \u00e9galit\u00e9 \/ Villes, transport, urbanisme<\/p>\n\n\n\n<ul><li><strong><em>Les secr\u00e9tariats d\u2019\u00e9tat au nombre de 5<\/em><\/strong><\/li><\/ul>\n\n\n\n<p><strong><\/strong>Relations avec le parlement \/ Budget \/ Affaires europ\u00e9ennes \/ Enseignement sup\u00e9rieur, &nbsp; recherche \/ Outre mer<\/p>\n\n\n\n<ul><li><strong><em>Les grandes directions de l\u2019administration<\/em><\/strong><\/li><li>Elles seront largement ouvertes \u00e0 la soci\u00e9t\u00e9 civile.<\/li><li>Le recrutement ne sera pas limit\u00e9 \u00e0 la haute fonction publique.<\/li><\/ul>\n\n\n\n<p><strong>La 1\u00e8re ann\u00e9e du quinquennat sera consacr\u00e9e \u00e0 7 actions majeures, nationales et internationales&nbsp;:<\/strong><\/p>\n\n\n\n<ul><li>1) Le budget national 2018 sera \u00e9tabli sur les chiffres de 2016 moins 1%,<\/li><li>2) La refonte compl\u00e8te des finances nationales, en collaboration avec les deux assembl\u00e9es,<\/li><li>3) Un programme de relocalisation de l\u2019industrie sur 20 ans,<\/li><li>4) Une grande loi cadre sur la jeunesse pour r\u00e9\u00e9quilibrer sa situation dans la nation,<\/li><li>5) Le gel de l\u2019urbanisation galopante pour pr\u00e9server les terres agricoles,<\/li><li>6) Une proposition&nbsp;pour impliquer les citoyens \u00e0 la vie de l\u2019Europe,<\/li><li>7) Une \u00ab&nbsp;conf\u00e9rence internationale&nbsp;\u00bb sur les dettes souveraines, le syst\u00e8me financier et le d\u00e9veloppement mondial. Elle sera le Bretton Woods du XXI\u00e8me si\u00e8cle.<\/li><\/ul>\n\n\n\n<p>Il organisera le 1er d\u00e9bat national sur les institutions.<\/p>\n\n\n\n<h2 class=\"has-vivid-purple-color has-text-color has-text-align-center wp-block-heading\"><strong>L\u2019assembl\u00e9e nationale et les nouveaux outils implicatifs<\/strong><\/h2>\n\n\n\n<ul><li><strong>L\u2019Assembl\u00e9e nationale&nbsp;<\/strong>entreprendra un grand travail de nettoyage des textes l\u00e9gislatifs. Elle participera \u00e0 la prospective financi\u00e8re de la France pour la refonte du budget national et le r\u00e8glement de la dette. Elle sera \u00e9galement totalement impliqu\u00e9e dans les 4 grands d\u00e9bats nationaux.<\/li><li><strong>Le Conseil de la Nation<\/strong>&nbsp;sera mis en place avant fin juin 2017. Il n\u2019aura qu\u2019un r\u00f4le consultatif. Il sera un signal fort au r\u00e9tablissement du contrat r\u00e9publicain entre toutes les composantes de la France.<\/li><li><strong>Le fond r\u00e9publicain d\u2019initiative citoyenne&nbsp;<\/strong>de 1 milliard d\u2019\u20ac par an sera abond\u00e9 par l\u2019\u00e9tat, l\u2019Europe, les collectivit\u00e9s territoriales et des partenaires priv\u00e9s. La caisse des d\u00e9p\u00f4ts et consignations assurera la collecte et la gestion des fonds. Il sera ouvert \u00e0 tous les projets de la vie \u00e9conomique, sociale, culturelle et sportive. Le d\u00e9veloppement humain et l\u2019environnement sont la cible affirm\u00e9e.<\/li><li><strong>Le grand d\u00e9fi r\u00e9publicain&nbsp;<\/strong>va \u0153uvrer \u00e0 la coh\u00e9sion de la nation. Chaque Fran\u00e7ais, entreprise, association pourra faire des propositions. Un jury pr\u00e9sid\u00e9 par le Pr\u00e9sident de la R\u00e9publique s\u00e9lectionnera 5 projets qui seront soumis au vote de la nation lors du 1<sup>er<\/sup>&nbsp;r\u00e9f\u00e9rendum d\u2019avril 2018.<\/li><\/ul>\n\n\n\n<div class=\"wp-block-button aligncenter\"><a class=\"wp-block-button__link\" href=\"https:\/\/jacquesmarion.fr\/wp-content\/uploads\/2016\/09\/Comment-gouverner-sans-parti-1.pdf\" target=\"_blank\" rel=\"noreferrer noopener\">T\u00e9l\u00e9charger \u00ab\u00a0Gouverner sans parti\u00a0\u00bb<\/a><\/div>\n","protected":false},"excerpt":{"rendered":"<p>Gouverner sans parti politique semble impossible, mais ma pr\u00e9sidence ne s\u2019inscrirera pas dans la logique politique habituelle. Cela sera une pr\u00e9sidence pour \u00ab&nbsp;r\u00e9inventer la France&nbsp;\u00bb. Le quinquennat (2017-2022) s\u2019organisera autour de 4 grands d\u00e9bats nationaux qui seront ponctu\u00e9s par 4 r\u00e9f\u00e9rendums. Au terme de ce processus syst\u00e9mique, la France sera compl\u00e8tement transform\u00e9e. Les quatre d\u00e9bats nationaux 2018&nbsp;:&nbsp;Les institutions \/ territoires \/ budgets \/ imp\u00f4ts \/ Organisation politique (repr\u00e9sentativit\u00e9, r\u00f4le, droits et devoirs des \u00e9lus\u2026) \/ Justice&nbsp;\/ services publiques \/ La&#8230;<\/p>\n<p class=\"read-more\"><a class=\"btn btn-default\" href=\"https:\/\/jacquesmarion.fr\/index.php\/gouverner-2\/\">Lire la suite<span class=\"screen-reader-text\"> Lire la suite<\/span><\/a><\/p>\n","protected":false},"author":2,"featured_media":0,"parent":0,"menu_order":0,"comment_status":"closed","ping_status":"closed","template":"","meta":{"_monsterinsights_skip_tracking":false,"_monsterinsights_sitenote_active":false,"_monsterinsights_sitenote_note":"","_monsterinsights_sitenote_category":0},"yoast_head":"<!-- This site is optimized with the Yoast SEO plugin v20.8 - https:\/\/yoast.com\/wordpress\/plugins\/seo\/ -->\n<title>Gouverner -<\/title>\n<meta name=\"robots\" content=\"index, follow, max-snippet:-1, max-image-preview:large, max-video-preview:-1\" \/>\n<link rel=\"canonical\" href=\"https:\/\/jacquesmarion.fr\/index.php\/gouverner-2\/\" \/>\n<meta property=\"og:locale\" content=\"fr_FR\" \/>\n<meta property=\"og:type\" content=\"article\" \/>\n<meta property=\"og:title\" content=\"Gouverner -\" \/>\n<meta property=\"og:description\" content=\"Gouverner sans parti politique semble impossible, mais ma pr\u00e9sidence ne s\u2019inscrirera pas dans la logique politique habituelle. Cela sera une pr\u00e9sidence pour \u00ab&nbsp;r\u00e9inventer la France&nbsp;\u00bb. Le quinquennat (2017-2022) s\u2019organisera autour de 4 grands d\u00e9bats nationaux qui seront ponctu\u00e9s par 4 r\u00e9f\u00e9rendums. Au terme de ce processus syst\u00e9mique, la France sera compl\u00e8tement transform\u00e9e. Les quatre d\u00e9bats nationaux 2018&nbsp;:&nbsp;Les institutions \/ territoires \/ budgets \/ imp\u00f4ts \/ Organisation politique (repr\u00e9sentativit\u00e9, r\u00f4le, droits et devoirs des \u00e9lus\u2026) \/ Justice&nbsp;\/ services publiques \/ La...Lire la suite Lire la suite\" \/>\n<meta property=\"og:url\" content=\"https:\/\/jacquesmarion.fr\/index.php\/gouverner-2\/\" \/>\n<meta property=\"article:modified_time\" content=\"2020-03-22T16:54:01+00:00\" \/>\n<meta property=\"og:image\" content=\"http:\/\/jacquesmarion.fr\/wp-content\/uploads\/2016\/09\/photo-2.jpe\" \/>\n<meta name=\"twitter:card\" content=\"summary_large_image\" \/>\n<meta name=\"twitter:label1\" content=\"Dur\u00e9e de lecture estim\u00e9e\" \/>\n\t<meta name=\"twitter:data1\" content=\"3 minutes\" \/>\n<script type=\"application\/ld+json\" class=\"yoast-schema-graph\">{\"@context\":\"https:\/\/schema.org\",\"@graph\":[{\"@type\":\"WebPage\",\"@id\":\"https:\/\/jacquesmarion.fr\/index.php\/gouverner-2\/\",\"url\":\"https:\/\/jacquesmarion.fr\/index.php\/gouverner-2\/\",\"name\":\"Gouverner -\",\"isPartOf\":{\"@id\":\"https:\/\/jacquesmarion.fr\/#website\"},\"datePublished\":\"2020-03-22T15:34:00+00:00\",\"dateModified\":\"2020-03-22T16:54:01+00:00\",\"breadcrumb\":{\"@id\":\"https:\/\/jacquesmarion.fr\/index.php\/gouverner-2\/#breadcrumb\"},\"inLanguage\":\"fr-FR\",\"potentialAction\":[{\"@type\":\"ReadAction\",\"target\":[\"https:\/\/jacquesmarion.fr\/index.php\/gouverner-2\/\"]}]},{\"@type\":\"BreadcrumbList\",\"@id\":\"https:\/\/jacquesmarion.fr\/index.php\/gouverner-2\/#breadcrumb\",\"itemListElement\":[{\"@type\":\"ListItem\",\"position\":1,\"name\":\"Accueil\",\"item\":\"https:\/\/jacquesmarion.fr\/\"},{\"@type\":\"ListItem\",\"position\":2,\"name\":\"Gouverner\"}]},{\"@type\":\"WebSite\",\"@id\":\"https:\/\/jacquesmarion.fr\/#website\",\"url\":\"https:\/\/jacquesmarion.fr\/\",\"name\":\"\",\"description\":\"\",\"potentialAction\":[{\"@type\":\"SearchAction\",\"target\":{\"@type\":\"EntryPoint\",\"urlTemplate\":\"https:\/\/jacquesmarion.fr\/?s={search_term_string}\"},\"query-input\":\"required name=search_term_string\"}],\"inLanguage\":\"fr-FR\"}]}<\/script>\n<!-- \/ Yoast SEO plugin. -->","yoast_head_json":{"title":"Gouverner -","robots":{"index":"index","follow":"follow","max-snippet":"max-snippet:-1","max-image-preview":"max-image-preview:large","max-video-preview":"max-video-preview:-1"},"canonical":"https:\/\/jacquesmarion.fr\/index.php\/gouverner-2\/","og_locale":"fr_FR","og_type":"article","og_title":"Gouverner -","og_description":"Gouverner sans parti politique semble impossible, mais ma pr\u00e9sidence ne s\u2019inscrirera pas dans la logique politique habituelle. Cela sera une pr\u00e9sidence pour \u00ab&nbsp;r\u00e9inventer la France&nbsp;\u00bb. Le quinquennat (2017-2022) s\u2019organisera autour de 4 grands d\u00e9bats nationaux qui seront ponctu\u00e9s par 4 r\u00e9f\u00e9rendums. Au terme de ce processus syst\u00e9mique, la France sera compl\u00e8tement transform\u00e9e. Les quatre d\u00e9bats nationaux 2018&nbsp;:&nbsp;Les institutions \/ territoires \/ budgets \/ imp\u00f4ts \/ Organisation politique (repr\u00e9sentativit\u00e9, r\u00f4le, droits et devoirs des \u00e9lus\u2026) \/ Justice&nbsp;\/ services publiques \/ La...Lire la suite Lire la suite","og_url":"https:\/\/jacquesmarion.fr\/index.php\/gouverner-2\/","article_modified_time":"2020-03-22T16:54:01+00:00","og_image":[{"url":"http:\/\/jacquesmarion.fr\/wp-content\/uploads\/2016\/09\/photo-2.jpe"}],"twitter_card":"summary_large_image","twitter_misc":{"Dur\u00e9e de lecture estim\u00e9e":"3 minutes"},"schema":{"@context":"https:\/\/schema.org","@graph":[{"@type":"WebPage","@id":"https:\/\/jacquesmarion.fr\/index.php\/gouverner-2\/","url":"https:\/\/jacquesmarion.fr\/index.php\/gouverner-2\/","name":"Gouverner -","isPartOf":{"@id":"https:\/\/jacquesmarion.fr\/#website"},"datePublished":"2020-03-22T15:34:00+00:00","dateModified":"2020-03-22T16:54:01+00:00","breadcrumb":{"@id":"https:\/\/jacquesmarion.fr\/index.php\/gouverner-2\/#breadcrumb"},"inLanguage":"fr-FR","potentialAction":[{"@type":"ReadAction","target":["https:\/\/jacquesmarion.fr\/index.php\/gouverner-2\/"]}]},{"@type":"BreadcrumbList","@id":"https:\/\/jacquesmarion.fr\/index.php\/gouverner-2\/#breadcrumb","itemListElement":[{"@type":"ListItem","position":1,"name":"Accueil","item":"https:\/\/jacquesmarion.fr\/"},{"@type":"ListItem","position":2,"name":"Gouverner"}]},{"@type":"WebSite","@id":"https:\/\/jacquesmarion.fr\/#website","url":"https:\/\/jacquesmarion.fr\/","name":"","description":"","potentialAction":[{"@type":"SearchAction","target":{"@type":"EntryPoint","urlTemplate":"https:\/\/jacquesmarion.fr\/?s={search_term_string}"},"query-input":"required name=search_term_string"}],"inLanguage":"fr-FR"}]}},"_links":{"self":[{"href":"https:\/\/jacquesmarion.fr\/index.php\/wp-json\/wp\/v2\/pages\/1128"}],"collection":[{"href":"https:\/\/jacquesmarion.fr\/index.php\/wp-json\/wp\/v2\/pages"}],"about":[{"href":"https:\/\/jacquesmarion.fr\/index.php\/wp-json\/wp\/v2\/types\/page"}],"author":[{"embeddable":true,"href":"https:\/\/jacquesmarion.fr\/index.php\/wp-json\/wp\/v2\/users\/2"}],"replies":[{"embeddable":true,"href":"https:\/\/jacquesmarion.fr\/index.php\/wp-json\/wp\/v2\/comments?post=1128"}],"version-history":[{"count":5,"href":"https:\/\/jacquesmarion.fr\/index.php\/wp-json\/wp\/v2\/pages\/1128\/revisions"}],"predecessor-version":[{"id":1173,"href":"https:\/\/jacquesmarion.fr\/index.php\/wp-json\/wp\/v2\/pages\/1128\/revisions\/1173"}],"wp:attachment":[{"href":"https:\/\/jacquesmarion.fr\/index.php\/wp-json\/wp\/v2\/media?parent=1128"}],"curies":[{"name":"wp","href":"https:\/\/api.w.org\/{rel}","templated":true}]}}