{"id":1245,"date":"2020-03-24T14:43:10","date_gmt":"2020-03-24T13:43:10","guid":{"rendered":"https:\/\/jacquesmarion.fr\/?page_id=1245"},"modified":"2020-03-24T14:43:11","modified_gmt":"2020-03-24T13:43:11","slug":"appel-aux-elus-et-aux-maires","status":"publish","type":"page","link":"https:\/\/jacquesmarion.fr\/index.php\/appel-aux-elus-et-aux-maires\/","title":{"rendered":"APPEL AUX \u00c9LUS ET AUX MAIRES"},"content":{"rendered":"\n<h2 class=\"has-text-align-center wp-block-heading\"><br>Fiche Parrainage<\/h2>\n\n\n\n<p class=\"has-text-align-center\">Appel aux \u00e9lus et aux maires<\/p>\n\n\n\n<p class=\"has-text-align-center\">Votre nom (obligatoire)<br><\/p>\n\n\n\n<p class=\"has-text-align-center\">Votre pr\u00e9nom (obligatoire)<br><\/p>\n\n\n\n<p class=\"has-text-align-center\">Votre mandat (obligatoire)<br><\/p>\n\n\n\n<p class=\"has-text-align-center\">Votre collectivit\u00e9 (obligatoire)<br><\/p>\n\n\n\n<p class=\"has-text-align-center\">Votre adresse<br><\/p>\n\n\n\n<p class=\"has-text-align-center\">Votre t\u00e9l\u00e9phone (obligatoire)<br><\/p>\n\n\n\n<p class=\"has-text-align-center\">Votre e-mail (obligatoire)<br><\/p>\n\n\n\n<p class=\"has-text-align-center\">Votre Site internet<br><\/p>\n\n\n\n<p class=\"has-text-align-center\">Je souhaite apporter ma signature \u00e0 la candidature de Jacques Marion<\/p>\n\n\n\n<p class=\"has-text-align-center\">Quelles sont vos propositions souhaiteriez vous faire&nbsp;pour la vie publique et dans la cadre de votre mandat ?<br><\/p>\n\n\n\n<p class=\"has-text-align-center\">Quelles sont vos propositions pour le Projet Pr\u00e9sidentiel&nbsp;?<br><\/p>\n\n\n\n<p class=\"has-text-align-center\">Souhaitez-vous organiser une r\u00e9union de campagne ?<br>Oui  Non<\/p>\n\n\n\n<p class=\"has-text-align-center\">[recaptcha]<br><\/p>\n\n\n\n<p class=\"has-text-align-center\">Envoyer<\/p>\n","protected":false},"excerpt":{"rendered":"<p>Fiche Parrainage Appel aux \u00e9lus et aux maires Votre nom (obligatoire) Votre pr\u00e9nom (obligatoire) Votre mandat (obligatoire) Votre collectivit\u00e9 (obligatoire) Votre adresse Votre t\u00e9l\u00e9phone (obligatoire) Votre e-mail (obligatoire) Votre Site internet Je souhaite apporter ma signature \u00e0 la candidature de Jacques Marion Quelles sont vos propositions souhaiteriez vous faire&nbsp;pour la vie publique et dans la cadre de votre mandat ? Quelles sont vos propositions pour le Projet Pr\u00e9sidentiel&nbsp;? Souhaitez-vous organiser une r\u00e9union de campagne ?Oui Non [recaptcha] Envoyer<\/p>\n","protected":false},"author":2,"featured_media":0,"parent":0,"menu_order":0,"comment_status":"closed","ping_status":"closed","template":"","meta":{"_monsterinsights_skip_tracking":false,"_monsterinsights_sitenote_active":false,"_monsterinsights_sitenote_note":"","_monsterinsights_sitenote_category":0},"yoast_head":"<!-- This site is optimized with the Yoast SEO plugin v20.8 - https:\/\/yoast.com\/wordpress\/plugins\/seo\/ -->\n<title>APPEL AUX \u00c9LUS ET AUX MAIRES -<\/title>\n<meta name=\"robots\" content=\"index, follow, max-snippet:-1, max-image-preview:large, max-video-preview:-1\" \/>\n<link rel=\"canonical\" href=\"https:\/\/jacquesmarion.fr\/index.php\/appel-aux-elus-et-aux-maires\/\" \/>\n<meta property=\"og:locale\" content=\"fr_FR\" \/>\n<meta property=\"og:type\" content=\"article\" \/>\n<meta property=\"og:title\" content=\"APPEL AUX \u00c9LUS ET AUX MAIRES -\" \/>\n<meta property=\"og:description\" content=\"Fiche Parrainage Appel aux \u00e9lus et aux maires Votre nom (obligatoire) Votre pr\u00e9nom (obligatoire) Votre mandat (obligatoire) Votre collectivit\u00e9 (obligatoire) Votre adresse Votre t\u00e9l\u00e9phone (obligatoire) Votre e-mail (obligatoire) Votre Site internet Je souhaite apporter ma signature \u00e0 la candidature de Jacques Marion Quelles sont vos propositions souhaiteriez vous faire&nbsp;pour la vie publique et dans la cadre de votre mandat ? Quelles sont vos propositions pour le Projet Pr\u00e9sidentiel&nbsp;? Souhaitez-vous organiser une r\u00e9union de campagne ?Oui Non [recaptcha] Envoyer\" \/>\n<meta property=\"og:url\" content=\"https:\/\/jacquesmarion.fr\/index.php\/appel-aux-elus-et-aux-maires\/\" \/>\n<meta property=\"article:modified_time\" content=\"2020-03-24T13:43:11+00:00\" \/>\n<meta name=\"twitter:card\" content=\"summary_large_image\" \/>\n<script type=\"application\/ld+json\" class=\"yoast-schema-graph\">{\"@context\":\"https:\/\/schema.org\",\"@graph\":[{\"@type\":\"WebPage\",\"@id\":\"https:\/\/jacquesmarion.fr\/index.php\/appel-aux-elus-et-aux-maires\/\",\"url\":\"https:\/\/jacquesmarion.fr\/index.php\/appel-aux-elus-et-aux-maires\/\",\"name\":\"APPEL AUX \u00c9LUS ET AUX MAIRES -\",\"isPartOf\":{\"@id\":\"https:\/\/jacquesmarion.fr\/#website\"},\"datePublished\":\"2020-03-24T13:43:10+00:00\",\"dateModified\":\"2020-03-24T13:43:11+00:00\",\"breadcrumb\":{\"@id\":\"https:\/\/jacquesmarion.fr\/index.php\/appel-aux-elus-et-aux-maires\/#breadcrumb\"},\"inLanguage\":\"fr-FR\",\"potentialAction\":[{\"@type\":\"ReadAction\",\"target\":[\"https:\/\/jacquesmarion.fr\/index.php\/appel-aux-elus-et-aux-maires\/\"]}]},{\"@type\":\"BreadcrumbList\",\"@id\":\"https:\/\/jacquesmarion.fr\/index.php\/appel-aux-elus-et-aux-maires\/#breadcrumb\",\"itemListElement\":[{\"@type\":\"ListItem\",\"position\":1,\"name\":\"Accueil\",\"item\":\"https:\/\/jacquesmarion.fr\/\"},{\"@type\":\"ListItem\",\"position\":2,\"name\":\"APPEL AUX \u00c9LUS ET AUX MAIRES\"}]},{\"@type\":\"WebSite\",\"@id\":\"https:\/\/jacquesmarion.fr\/#website\",\"url\":\"https:\/\/jacquesmarion.fr\/\",\"name\":\"\",\"description\":\"\",\"potentialAction\":[{\"@type\":\"SearchAction\",\"target\":{\"@type\":\"EntryPoint\",\"urlTemplate\":\"https:\/\/jacquesmarion.fr\/?s={search_term_string}\"},\"query-input\":\"required name=search_term_string\"}],\"inLanguage\":\"fr-FR\"}]}<\/script>\n<!-- \/ Yoast SEO plugin. -->","yoast_head_json":{"title":"APPEL AUX \u00c9LUS ET AUX MAIRES -","robots":{"index":"index","follow":"follow","max-snippet":"max-snippet:-1","max-image-preview":"max-image-preview:large","max-video-preview":"max-video-preview:-1"},"canonical":"https:\/\/jacquesmarion.fr\/index.php\/appel-aux-elus-et-aux-maires\/","og_locale":"fr_FR","og_type":"article","og_title":"APPEL AUX \u00c9LUS ET AUX MAIRES -","og_description":"Fiche Parrainage Appel aux \u00e9lus et aux maires Votre nom (obligatoire) Votre pr\u00e9nom (obligatoire) Votre mandat (obligatoire) Votre collectivit\u00e9 (obligatoire) Votre adresse Votre t\u00e9l\u00e9phone (obligatoire) Votre e-mail (obligatoire) Votre Site internet Je souhaite apporter ma signature \u00e0 la candidature de Jacques Marion Quelles sont vos propositions souhaiteriez vous faire&nbsp;pour la vie publique et dans la cadre de votre mandat ? Quelles sont vos propositions pour le Projet Pr\u00e9sidentiel&nbsp;? Souhaitez-vous organiser une r\u00e9union de campagne ?Oui Non [recaptcha] Envoyer","og_url":"https:\/\/jacquesmarion.fr\/index.php\/appel-aux-elus-et-aux-maires\/","article_modified_time":"2020-03-24T13:43:11+00:00","twitter_card":"summary_large_image","schema":{"@context":"https:\/\/schema.org","@graph":[{"@type":"WebPage","@id":"https:\/\/jacquesmarion.fr\/index.php\/appel-aux-elus-et-aux-maires\/","url":"https:\/\/jacquesmarion.fr\/index.php\/appel-aux-elus-et-aux-maires\/","name":"APPEL AUX \u00c9LUS ET AUX MAIRES -","isPartOf":{"@id":"https:\/\/jacquesmarion.fr\/#website"},"datePublished":"2020-03-24T13:43:10+00:00","dateModified":"2020-03-24T13:43:11+00:00","breadcrumb":{"@id":"https:\/\/jacquesmarion.fr\/index.php\/appel-aux-elus-et-aux-maires\/#breadcrumb"},"inLanguage":"fr-FR","potentialAction":[{"@type":"ReadAction","target":["https:\/\/jacquesmarion.fr\/index.php\/appel-aux-elus-et-aux-maires\/"]}]},{"@type":"BreadcrumbList","@id":"https:\/\/jacquesmarion.fr\/index.php\/appel-aux-elus-et-aux-maires\/#breadcrumb","itemListElement":[{"@type":"ListItem","position":1,"name":"Accueil","item":"https:\/\/jacquesmarion.fr\/"},{"@type":"ListItem","position":2,"name":"APPEL AUX \u00c9LUS ET AUX MAIRES"}]},{"@type":"WebSite","@id":"https:\/\/jacquesmarion.fr\/#website","url":"https:\/\/jacquesmarion.fr\/","name":"","description":"","potentialAction":[{"@type":"SearchAction","target":{"@type":"EntryPoint","urlTemplate":"https:\/\/jacquesmarion.fr\/?s={search_term_string}"},"query-input":"required name=search_term_string"}],"inLanguage":"fr-FR"}]}},"_links":{"self":[{"href":"https:\/\/jacquesmarion.fr\/index.php\/wp-json\/wp\/v2\/pages\/1245"}],"collection":[{"href":"https:\/\/jacquesmarion.fr\/index.php\/wp-json\/wp\/v2\/pages"}],"about":[{"href":"https:\/\/jacquesmarion.fr\/index.php\/wp-json\/wp\/v2\/types\/page"}],"author":[{"embeddable":true,"href":"https:\/\/jacquesmarion.fr\/index.php\/wp-json\/wp\/v2\/users\/2"}],"replies":[{"embeddable":true,"href":"https:\/\/jacquesmarion.fr\/index.php\/wp-json\/wp\/v2\/comments?post=1245"}],"version-history":[{"count":2,"href":"https:\/\/jacquesmarion.fr\/index.php\/wp-json\/wp\/v2\/pages\/1245\/revisions"}],"predecessor-version":[{"id":1247,"href":"https:\/\/jacquesmarion.fr\/index.php\/wp-json\/wp\/v2\/pages\/1245\/revisions\/1247"}],"wp:attachment":[{"href":"https:\/\/jacquesmarion.fr\/index.php\/wp-json\/wp\/v2\/media?parent=1245"}],"curies":[{"name":"wp","href":"https:\/\/api.w.org\/{rel}","templated":true}]}}