{"id":1250,"date":"2020-03-24T14:48:00","date_gmt":"2020-03-24T13:48:00","guid":{"rendered":"https:\/\/jacquesmarion.fr\/?page_id=1250"},"modified":"2020-03-24T14:48:34","modified_gmt":"2020-03-24T13:48:34","slug":"votre-fiche-p","status":"publish","type":"page","link":"https:\/\/jacquesmarion.fr\/index.php\/votre-fiche-p\/","title":{"rendered":"VOTRE FICHE P"},"content":{"rendered":"\n<p class=\"has-text-align-center\">Votre nom (obligatoire)<br><\/p>\n\n\n\n<p class=\"has-text-align-center\">Votre pr\u00e9nom (obligatoire)<br><\/p>\n\n\n\n<p class=\"has-text-align-center\">Votre nationalit\u00e9<br><\/p>\n\n\n\n<p class=\"has-text-align-center\">Votre adresse<br><\/p>\n\n\n\n<p class=\"has-text-align-center\">Votre t\u00e9l\u00e9phone (obligatoire)<br><\/p>\n\n\n\n<p class=\"has-text-align-center\">Votre e-mail (obligatoire)<br><\/p>\n\n\n\n<p class=\"has-text-align-center\">Votre Site internet<br><\/p>\n\n\n\n<p class=\"has-text-align-center\">Participation \u00e0 des associations ou ONG<\/p>\n\n\n\n<p class=\"has-text-align-center\">Parcours<br>(D\u00e9crivez de mani\u00e8re succincte les actions citoyennes que vous avez accomplies dans le pass\u00e9).<br><\/p>\n\n\n\n<p class=\"has-text-align-center\">Projets<br>(D\u00e9crivez de mani\u00e8re succincte les actions citoyennes que vous souhaiteriez r\u00e9aliser \u00e0 l\u2019avenir).<br><\/p>\n\n\n\n<p class=\"has-text-align-center\">Propositions<br>(Vous pouvez faire toutes propositions que vous souhaitez dans tous les domaines)<br><\/p>\n\n\n\n<p class=\"has-text-align-center\">[recaptcha]<br><\/p>\n\n\n\n<p class=\"has-text-align-center\">Envoyer<\/p>\n","protected":false},"excerpt":{"rendered":"<p>Votre nom (obligatoire) Votre pr\u00e9nom (obligatoire) Votre nationalit\u00e9 Votre adresse Votre t\u00e9l\u00e9phone (obligatoire) Votre e-mail (obligatoire) Votre Site internet Participation \u00e0 des associations ou ONG Parcours(D\u00e9crivez de mani\u00e8re succincte les actions citoyennes que vous avez accomplies dans le pass\u00e9). Projets(D\u00e9crivez de mani\u00e8re succincte les actions citoyennes que vous souhaiteriez r\u00e9aliser \u00e0 l\u2019avenir). Propositions(Vous pouvez faire toutes propositions que vous souhaitez dans tous les domaines) [recaptcha] Envoyer<\/p>\n","protected":false},"author":2,"featured_media":0,"parent":0,"menu_order":0,"comment_status":"closed","ping_status":"closed","template":"","meta":{"_monsterinsights_skip_tracking":false,"_monsterinsights_sitenote_active":false,"_monsterinsights_sitenote_note":"","_monsterinsights_sitenote_category":0},"yoast_head":"<!-- This site is optimized with the Yoast SEO plugin v20.8 - https:\/\/yoast.com\/wordpress\/plugins\/seo\/ -->\n<title>VOTRE FICHE P -<\/title>\n<meta name=\"robots\" content=\"index, follow, max-snippet:-1, max-image-preview:large, max-video-preview:-1\" \/>\n<link rel=\"canonical\" href=\"https:\/\/jacquesmarion.fr\/index.php\/votre-fiche-p\/\" \/>\n<meta property=\"og:locale\" content=\"fr_FR\" \/>\n<meta property=\"og:type\" content=\"article\" \/>\n<meta property=\"og:title\" content=\"VOTRE FICHE P -\" \/>\n<meta property=\"og:description\" content=\"Votre nom (obligatoire) Votre pr\u00e9nom (obligatoire) Votre nationalit\u00e9 Votre adresse Votre t\u00e9l\u00e9phone (obligatoire) Votre e-mail (obligatoire) Votre Site internet Participation \u00e0 des associations ou ONG Parcours(D\u00e9crivez de mani\u00e8re succincte les actions citoyennes que vous avez accomplies dans le pass\u00e9). Projets(D\u00e9crivez de mani\u00e8re succincte les actions citoyennes que vous souhaiteriez r\u00e9aliser \u00e0 l\u2019avenir). Propositions(Vous pouvez faire toutes propositions que vous souhaitez dans tous les domaines) [recaptcha] Envoyer\" \/>\n<meta property=\"og:url\" content=\"https:\/\/jacquesmarion.fr\/index.php\/votre-fiche-p\/\" \/>\n<meta property=\"article:modified_time\" content=\"2020-03-24T13:48:34+00:00\" \/>\n<meta name=\"twitter:card\" content=\"summary_large_image\" \/>\n<script type=\"application\/ld+json\" class=\"yoast-schema-graph\">{\"@context\":\"https:\/\/schema.org\",\"@graph\":[{\"@type\":\"WebPage\",\"@id\":\"https:\/\/jacquesmarion.fr\/index.php\/votre-fiche-p\/\",\"url\":\"https:\/\/jacquesmarion.fr\/index.php\/votre-fiche-p\/\",\"name\":\"VOTRE FICHE P -\",\"isPartOf\":{\"@id\":\"https:\/\/jacquesmarion.fr\/#website\"},\"datePublished\":\"2020-03-24T13:48:00+00:00\",\"dateModified\":\"2020-03-24T13:48:34+00:00\",\"breadcrumb\":{\"@id\":\"https:\/\/jacquesmarion.fr\/index.php\/votre-fiche-p\/#breadcrumb\"},\"inLanguage\":\"fr-FR\",\"potentialAction\":[{\"@type\":\"ReadAction\",\"target\":[\"https:\/\/jacquesmarion.fr\/index.php\/votre-fiche-p\/\"]}]},{\"@type\":\"BreadcrumbList\",\"@id\":\"https:\/\/jacquesmarion.fr\/index.php\/votre-fiche-p\/#breadcrumb\",\"itemListElement\":[{\"@type\":\"ListItem\",\"position\":1,\"name\":\"Accueil\",\"item\":\"https:\/\/jacquesmarion.fr\/\"},{\"@type\":\"ListItem\",\"position\":2,\"name\":\"VOTRE FICHE P\"}]},{\"@type\":\"WebSite\",\"@id\":\"https:\/\/jacquesmarion.fr\/#website\",\"url\":\"https:\/\/jacquesmarion.fr\/\",\"name\":\"\",\"description\":\"\",\"potentialAction\":[{\"@type\":\"SearchAction\",\"target\":{\"@type\":\"EntryPoint\",\"urlTemplate\":\"https:\/\/jacquesmarion.fr\/?s={search_term_string}\"},\"query-input\":\"required name=search_term_string\"}],\"inLanguage\":\"fr-FR\"}]}<\/script>\n<!-- \/ Yoast SEO plugin. -->","yoast_head_json":{"title":"VOTRE FICHE P -","robots":{"index":"index","follow":"follow","max-snippet":"max-snippet:-1","max-image-preview":"max-image-preview:large","max-video-preview":"max-video-preview:-1"},"canonical":"https:\/\/jacquesmarion.fr\/index.php\/votre-fiche-p\/","og_locale":"fr_FR","og_type":"article","og_title":"VOTRE FICHE P -","og_description":"Votre nom (obligatoire) Votre pr\u00e9nom (obligatoire) Votre nationalit\u00e9 Votre adresse Votre t\u00e9l\u00e9phone (obligatoire) Votre e-mail (obligatoire) Votre Site internet Participation \u00e0 des associations ou ONG Parcours(D\u00e9crivez de mani\u00e8re succincte les actions citoyennes que vous avez accomplies dans le pass\u00e9). Projets(D\u00e9crivez de mani\u00e8re succincte les actions citoyennes que vous souhaiteriez r\u00e9aliser \u00e0 l\u2019avenir). Propositions(Vous pouvez faire toutes propositions que vous souhaitez dans tous les domaines) [recaptcha] Envoyer","og_url":"https:\/\/jacquesmarion.fr\/index.php\/votre-fiche-p\/","article_modified_time":"2020-03-24T13:48:34+00:00","twitter_card":"summary_large_image","schema":{"@context":"https:\/\/schema.org","@graph":[{"@type":"WebPage","@id":"https:\/\/jacquesmarion.fr\/index.php\/votre-fiche-p\/","url":"https:\/\/jacquesmarion.fr\/index.php\/votre-fiche-p\/","name":"VOTRE FICHE P -","isPartOf":{"@id":"https:\/\/jacquesmarion.fr\/#website"},"datePublished":"2020-03-24T13:48:00+00:00","dateModified":"2020-03-24T13:48:34+00:00","breadcrumb":{"@id":"https:\/\/jacquesmarion.fr\/index.php\/votre-fiche-p\/#breadcrumb"},"inLanguage":"fr-FR","potentialAction":[{"@type":"ReadAction","target":["https:\/\/jacquesmarion.fr\/index.php\/votre-fiche-p\/"]}]},{"@type":"BreadcrumbList","@id":"https:\/\/jacquesmarion.fr\/index.php\/votre-fiche-p\/#breadcrumb","itemListElement":[{"@type":"ListItem","position":1,"name":"Accueil","item":"https:\/\/jacquesmarion.fr\/"},{"@type":"ListItem","position":2,"name":"VOTRE FICHE P"}]},{"@type":"WebSite","@id":"https:\/\/jacquesmarion.fr\/#website","url":"https:\/\/jacquesmarion.fr\/","name":"","description":"","potentialAction":[{"@type":"SearchAction","target":{"@type":"EntryPoint","urlTemplate":"https:\/\/jacquesmarion.fr\/?s={search_term_string}"},"query-input":"required name=search_term_string"}],"inLanguage":"fr-FR"}]}},"_links":{"self":[{"href":"https:\/\/jacquesmarion.fr\/index.php\/wp-json\/wp\/v2\/pages\/1250"}],"collection":[{"href":"https:\/\/jacquesmarion.fr\/index.php\/wp-json\/wp\/v2\/pages"}],"about":[{"href":"https:\/\/jacquesmarion.fr\/index.php\/wp-json\/wp\/v2\/types\/page"}],"author":[{"embeddable":true,"href":"https:\/\/jacquesmarion.fr\/index.php\/wp-json\/wp\/v2\/users\/2"}],"replies":[{"embeddable":true,"href":"https:\/\/jacquesmarion.fr\/index.php\/wp-json\/wp\/v2\/comments?post=1250"}],"version-history":[{"count":3,"href":"https:\/\/jacquesmarion.fr\/index.php\/wp-json\/wp\/v2\/pages\/1250\/revisions"}],"predecessor-version":[{"id":1254,"href":"https:\/\/jacquesmarion.fr\/index.php\/wp-json\/wp\/v2\/pages\/1250\/revisions\/1254"}],"wp:attachment":[{"href":"https:\/\/jacquesmarion.fr\/index.php\/wp-json\/wp\/v2\/media?parent=1250"}],"curies":[{"name":"wp","href":"https:\/\/api.w.org\/{rel}","templated":true}]}}