{"id":859,"date":"2020-03-23T16:49:34","date_gmt":"2020-03-23T15:49:34","guid":{"rendered":"http:\/\/jacquesmarion.fr\/?page_id=859"},"modified":"2020-08-28T11:51:24","modified_gmt":"2020-08-28T09:51:24","slug":"andre-suchet-2","status":"publish","type":"page","link":"https:\/\/jacquesmarion.fr\/index.php\/andre-suchet-2\/","title":{"rendered":"Andr\u00e9 Suchet"},"content":{"rendered":"\n<div class=\"wp-block-group\"><div class=\"wp-block-group__inner-container is-layout-flow\">\n<div class=\"wp-block-columns is-layout-flex wp-container-4\">\n<div class=\"wp-block-column is-layout-flow\" style=\"flex-basis:25%\"><\/div>\n\n\n\n<div class=\"wp-block-column is-layout-flow\" style=\"flex-basis:50%\">\n<div class=\"wp-block-image\"><figure class=\"aligncenter size-large is-resized\"><img decoding=\"async\" loading=\"lazy\" src=\"https:\/\/jacquesmarion.fr\/wp-content\/uploads\/2020\/08\/andre-suchet.jpg\" alt=\"\" width=\"282\" height=\"282\"\/><\/figure><\/div>\n\n\n\n<p><\/p>\n<\/div>\n\n\n\n<div class=\"wp-block-column is-layout-flow\" style=\"flex-basis:25%\"><\/div>\n<\/div>\n<\/div><\/div>\n\n\n\n<div class=\"wp-block-columns is-layout-flex wp-container-8\">\n<div class=\"wp-block-column is-layout-flow\"><\/div>\n\n\n\n<div class=\"wp-block-column is-layout-flow\"><\/div>\n<\/div>\n\n\n\n<div class=\"wp-block-columns is-layout-flex wp-container-12\">\n<div class=\"wp-block-column is-layout-flow\">\n<div class=\"wp-block-button aligncenter\"><a class=\"wp-block-button__link\" href=\"https:\/\/jacquesmarion.fr\/wp-content\/uploads\/2020\/03\/B1-Suchet-Liste-bilio-1.pdf\" target=\"_blank\" rel=\"noreferrer noopener\">T\u00e9l\u00e9charger la bibliographie<\/a><\/div>\n<\/div>\n\n\n\n<div class=\"wp-block-column is-layout-flow\">\n<div class=\"wp-block-button aligncenter\"><a class=\"wp-block-button__link\" href=\"https:\/\/jacquesmarion.fr\/wp-content\/uploads\/2020\/03\/article-JPA-Les-Jeux-Olympiques-boli.pdf\" target=\"_blank\" rel=\"noreferrer noopener\">T\u00e9l\u00e9charger JO Fiert\u00e9 nationale<\/a><\/div>\n<\/div>\n\n\n\n<div class=\"wp-block-column is-layout-flow\">\n<div class=\"wp-block-button aligncenter\"><a class=\"wp-block-button__link\" href=\"https:\/\/jacquesmarion.fr\/wp-content\/uploads\/2020\/03\/JPA-sport-in-history.pdf\" target=\"_blank\" rel=\"noreferrer noopener\">T\u00e9l\u00e9charger \u00ab\u00a0Sport in history\u00a0\u00bb<\/a><\/div>\n<\/div>\n<\/div>\n\n\n\n<div class=\"wp-block-columns is-layout-flex wp-container-16\">\n<div class=\"wp-block-column is-layout-flow\">\n<div class=\"wp-block-button\"><a class=\"wp-block-button__link\" href=\"https:\/\/jacquesmarion.fr\/wp-content\/uploads\/2020\/08\/andre-suchet-le-projet-territorial.pdf\" target=\"_blank\" rel=\"noreferrer noopener\">T\u00e9l\u00e9charger \u00ab\u00a0Le projet territorial des JPA\u00a0\u00bb<\/a><\/div>\n<\/div>\n\n\n\n<div class=\"wp-block-column is-layout-flow\">\n<div class=\"wp-block-button aligncenter\"><a class=\"wp-block-button__link\" href=\"https:\/\/jacquesmarion.fr\/wp-content\/uploads\/2020\/08\/andre-suchet-espaces-pyrenees-olympiques.pdf\" target=\"_blank\" rel=\"noreferrer noopener\">T\u00e9l\u00e9charger \u00ab\u00a0Espaces\u00a0\u00bb<\/a><\/div>\n<\/div>\n\n\n\n<div class=\"wp-block-column is-layout-flow\">\n<div class=\"wp-block-button\"><a class=\"wp-block-button__link\" href=\"https:\/\/jacquesmarion.fr\/wp-content\/uploads\/2020\/03\/revue-sud-ouest-n39-2016-version-lecture-Suchet_SOE39-B.pdf\" target=\"_blank\" rel=\"noreferrer noopener\">T\u00e9l\u00e9charger \u00ab\u00a0sud ouest europ\u00e9en\u00a0\u00bb<\/a><\/div>\n<\/div>\n<\/div>\n\n\n\n<div class=\"wp-block-columns is-layout-flex wp-container-20\">\n<div class=\"wp-block-column is-layout-flow\"><\/div>\n\n\n\n<div class=\"wp-block-column is-layout-flow\">\n<div class=\"wp-block-button aligncenter\"><a class=\"wp-block-button__link\" href=\"https:\/\/jacquesmarion.fr\/wp-content\/uploads\/2020\/04\/03_Suchet_Jorand_SdelaS.pdf\" target=\"_blank\" rel=\"noreferrer noopener\">Sciences de la soci\u00e9t\u00e9<\/a><\/div>\n<\/div>\n\n\n\n<div class=\"wp-block-column is-layout-flow\"><\/div>\n<\/div>\n","protected":false},"excerpt":{"rendered":"","protected":false},"author":2,"featured_media":0,"parent":0,"menu_order":0,"comment_status":"closed","ping_status":"closed","template":"","meta":{"_monsterinsights_skip_tracking":false,"_monsterinsights_sitenote_active":false,"_monsterinsights_sitenote_note":"","_monsterinsights_sitenote_category":0},"yoast_head":"<!-- This site is optimized with the Yoast SEO plugin v20.8 - https:\/\/yoast.com\/wordpress\/plugins\/seo\/ -->\n<title>Andr\u00e9 Suchet -<\/title>\n<meta name=\"robots\" content=\"index, follow, max-snippet:-1, max-image-preview:large, max-video-preview:-1\" \/>\n<link rel=\"canonical\" href=\"https:\/\/jacquesmarion.fr\/index.php\/andre-suchet-2\/\" \/>\n<meta property=\"og:locale\" content=\"fr_FR\" \/>\n<meta property=\"og:type\" content=\"article\" \/>\n<meta property=\"og:title\" content=\"Andr\u00e9 Suchet -\" \/>\n<meta property=\"og:url\" content=\"https:\/\/jacquesmarion.fr\/index.php\/andre-suchet-2\/\" \/>\n<meta property=\"article:modified_time\" content=\"2020-08-28T09:51:24+00:00\" \/>\n<meta property=\"og:image\" content=\"https:\/\/jacquesmarion.fr\/wp-content\/uploads\/2020\/08\/andre-suchet.jpg\" \/>\n<meta name=\"twitter:card\" content=\"summary_large_image\" \/>\n<script type=\"application\/ld+json\" class=\"yoast-schema-graph\">{\"@context\":\"https:\/\/schema.org\",\"@graph\":[{\"@type\":\"WebPage\",\"@id\":\"https:\/\/jacquesmarion.fr\/index.php\/andre-suchet-2\/\",\"url\":\"https:\/\/jacquesmarion.fr\/index.php\/andre-suchet-2\/\",\"name\":\"Andr\u00e9 Suchet -\",\"isPartOf\":{\"@id\":\"https:\/\/jacquesmarion.fr\/#website\"},\"datePublished\":\"2020-03-23T15:49:34+00:00\",\"dateModified\":\"2020-08-28T09:51:24+00:00\",\"breadcrumb\":{\"@id\":\"https:\/\/jacquesmarion.fr\/index.php\/andre-suchet-2\/#breadcrumb\"},\"inLanguage\":\"fr-FR\",\"potentialAction\":[{\"@type\":\"ReadAction\",\"target\":[\"https:\/\/jacquesmarion.fr\/index.php\/andre-suchet-2\/\"]}]},{\"@type\":\"BreadcrumbList\",\"@id\":\"https:\/\/jacquesmarion.fr\/index.php\/andre-suchet-2\/#breadcrumb\",\"itemListElement\":[{\"@type\":\"ListItem\",\"position\":1,\"name\":\"Accueil\",\"item\":\"https:\/\/jacquesmarion.fr\/\"},{\"@type\":\"ListItem\",\"position\":2,\"name\":\"Andr\u00e9 Suchet\"}]},{\"@type\":\"WebSite\",\"@id\":\"https:\/\/jacquesmarion.fr\/#website\",\"url\":\"https:\/\/jacquesmarion.fr\/\",\"name\":\"\",\"description\":\"\",\"potentialAction\":[{\"@type\":\"SearchAction\",\"target\":{\"@type\":\"EntryPoint\",\"urlTemplate\":\"https:\/\/jacquesmarion.fr\/?s={search_term_string}\"},\"query-input\":\"required name=search_term_string\"}],\"inLanguage\":\"fr-FR\"}]}<\/script>\n<!-- \/ Yoast SEO plugin. -->","yoast_head_json":{"title":"Andr\u00e9 Suchet -","robots":{"index":"index","follow":"follow","max-snippet":"max-snippet:-1","max-image-preview":"max-image-preview:large","max-video-preview":"max-video-preview:-1"},"canonical":"https:\/\/jacquesmarion.fr\/index.php\/andre-suchet-2\/","og_locale":"fr_FR","og_type":"article","og_title":"Andr\u00e9 Suchet -","og_url":"https:\/\/jacquesmarion.fr\/index.php\/andre-suchet-2\/","article_modified_time":"2020-08-28T09:51:24+00:00","og_image":[{"url":"https:\/\/jacquesmarion.fr\/wp-content\/uploads\/2020\/08\/andre-suchet.jpg"}],"twitter_card":"summary_large_image","schema":{"@context":"https:\/\/schema.org","@graph":[{"@type":"WebPage","@id":"https:\/\/jacquesmarion.fr\/index.php\/andre-suchet-2\/","url":"https:\/\/jacquesmarion.fr\/index.php\/andre-suchet-2\/","name":"Andr\u00e9 Suchet -","isPartOf":{"@id":"https:\/\/jacquesmarion.fr\/#website"},"datePublished":"2020-03-23T15:49:34+00:00","dateModified":"2020-08-28T09:51:24+00:00","breadcrumb":{"@id":"https:\/\/jacquesmarion.fr\/index.php\/andre-suchet-2\/#breadcrumb"},"inLanguage":"fr-FR","potentialAction":[{"@type":"ReadAction","target":["https:\/\/jacquesmarion.fr\/index.php\/andre-suchet-2\/"]}]},{"@type":"BreadcrumbList","@id":"https:\/\/jacquesmarion.fr\/index.php\/andre-suchet-2\/#breadcrumb","itemListElement":[{"@type":"ListItem","position":1,"name":"Accueil","item":"https:\/\/jacquesmarion.fr\/"},{"@type":"ListItem","position":2,"name":"Andr\u00e9 Suchet"}]},{"@type":"WebSite","@id":"https:\/\/jacquesmarion.fr\/#website","url":"https:\/\/jacquesmarion.fr\/","name":"","description":"","potentialAction":[{"@type":"SearchAction","target":{"@type":"EntryPoint","urlTemplate":"https:\/\/jacquesmarion.fr\/?s={search_term_string}"},"query-input":"required name=search_term_string"}],"inLanguage":"fr-FR"}]}},"_links":{"self":[{"href":"https:\/\/jacquesmarion.fr\/index.php\/wp-json\/wp\/v2\/pages\/859"}],"collection":[{"href":"https:\/\/jacquesmarion.fr\/index.php\/wp-json\/wp\/v2\/pages"}],"about":[{"href":"https:\/\/jacquesmarion.fr\/index.php\/wp-json\/wp\/v2\/types\/page"}],"author":[{"embeddable":true,"href":"https:\/\/jacquesmarion.fr\/index.php\/wp-json\/wp\/v2\/users\/2"}],"replies":[{"embeddable":true,"href":"https:\/\/jacquesmarion.fr\/index.php\/wp-json\/wp\/v2\/comments?post=859"}],"version-history":[{"count":11,"href":"https:\/\/jacquesmarion.fr\/index.php\/wp-json\/wp\/v2\/pages\/859\/revisions"}],"predecessor-version":[{"id":1381,"href":"https:\/\/jacquesmarion.fr\/index.php\/wp-json\/wp\/v2\/pages\/859\/revisions\/1381"}],"wp:attachment":[{"href":"https:\/\/jacquesmarion.fr\/index.php\/wp-json\/wp\/v2\/media?parent=859"}],"curies":[{"name":"wp","href":"https:\/\/api.w.org\/{rel}","templated":true}]}}